{"id":16,"date":"2025-01-19T21:10:43","date_gmt":"2025-01-19T20:10:43","guid":{"rendered":"https:\/\/dev.personalabteilung24.de\/?page_id=16"},"modified":"2025-04-16T20:30:41","modified_gmt":"2025-04-16T18:30:41","slug":"kontakt","status":"publish","type":"page","link":"https:\/\/personalabteilung24.de\/?page_id=16","title":{"rendered":"Kontakt"},"content":{"rendered":"\n<h2 class=\"wp-block-heading\">Ihr direkter Weg zu uns.<\/h2>\n\n\n\n<p>Sie interessieren sich f\u00fcr unsere Angebote? Sie haben Fragen? Oder Sie m\u00f6chten uns unverbindlich kennenlernen?<br>Dann freuen wir uns \u00fcber eine Nachricht von Ihnen. <\/p>\n\n\n\n<p>Personalabteilung24 GmbH<br>Clara-Zetkin-Stra\u00dfe 37 | 14547 Beelitz<br><a href=\"mailto:info@personalabteilung24.de\">info@personalabteilung24.de<\/a><br>www.personalabteilung24.de<\/p>\n\n\n<div class=\"wpforms-container wpforms-container-full wpforms-block wpforms-block-d132c703-73d7-48d7-92ea-b0fc2da70bb7 persoform wpforms-render-modern\" id=\"wpforms-596\"><form id=\"wpforms-form-596\" class=\"wpforms-validate wpforms-form wpforms-ajax-form\" data-formid=\"596\" method=\"post\" enctype=\"multipart\/form-data\" action=\"\/index.php?rest_route=%2Fwp%2Fv2%2Fpages%2F16\" data-token=\"8be8f1f33259f9ace86e4977966a9716\" data-token-time=\"1776565868\"><noscript class=\"wpforms-error-noscript\">Bitte aktiviere JavaScript in deinem Browser, um dieses Formular fertigzustellen.<\/noscript><div id=\"wpforms-error-noscript\" style=\"display: none;\">Bitte aktiviere JavaScript in deinem Browser, um dieses Formular fertigzustellen.<\/div><div class=\"wpforms-field-container\">\t\t<div id=\"wpforms-596-field_3-container\"\n\t\t\tclass=\"wpforms-field wpforms-field-text\"\n\t\t\tdata-field-type=\"text\"\n\t\t\tdata-field-id=\"3\"\n\t\t\t>\n\t\t\t<label class=\"wpforms-field-label\" for=\"wpforms-596-field_3\" >Leistungen: E-Mail-Adresse Nachricht:<\/label>\n\t\t\t<input type=\"text\" id=\"wpforms-596-field_3\" class=\"wpforms-field-medium\" name=\"wpforms[fields][3]\" >\n\t\t<\/div>\n\t\t<div id=\"wpforms-596-field_5-container\" class=\"wpforms-field wpforms-field-radio\" data-field-id=\"5\"><fieldset><legend class=\"wpforms-field-label\">Ich interessiere mich f\u00fcr folgende Leistungen:<\/legend><ul id=\"wpforms-596-field_5\"><li class=\"choice-1 depth-1\"><input type=\"radio\" id=\"wpforms-596-field_5_1\" name=\"wpforms[fields][5]\" value=\"Personal Lohn\" aria-errormessage=\"wpforms-596-field_5_1-error\"  ><label class=\"wpforms-field-label-inline\" for=\"wpforms-596-field_5_1\">Personal Lohn<\/label><\/li><li class=\"choice-2 depth-1\"><input type=\"radio\" id=\"wpforms-596-field_5_2\" name=\"wpforms[fields][5]\" value=\"Personal Pauschal\" aria-errormessage=\"wpforms-596-field_5_2-error\"  ><label class=\"wpforms-field-label-inline\" for=\"wpforms-596-field_5_2\">Personal Pauschal<\/label><\/li><li class=\"choice-3 depth-1\"><input type=\"radio\" id=\"wpforms-596-field_5_3\" name=\"wpforms[fields][5]\" value=\"Personal Beratung\" aria-errormessage=\"wpforms-596-field_5_3-error\"  ><label class=\"wpforms-field-label-inline\" for=\"wpforms-596-field_5_3\">Personal Beratung<\/label><\/li><\/ul><\/fieldset><\/div><div id=\"wpforms-596-field_6-container\" class=\"wpforms-field wpforms-field-textarea\" data-field-id=\"6\"><label class=\"wpforms-field-label\" for=\"wpforms-596-field_6\">Raum f\u00fcr Ihre Nachricht:<\/label><textarea id=\"wpforms-596-field_6\" class=\"wpforms-field-medium\" name=\"wpforms[fields][6]\" aria-errormessage=\"wpforms-596-field_6-error\" ><\/textarea><\/div><div id=\"wpforms-596-field_1-container\" class=\"wpforms-field wpforms-field-name\" data-field-id=\"1\"><fieldset><legend class=\"wpforms-field-label\">Name <span class=\"wpforms-required-label\" aria-hidden=\"true\">*<\/span><\/legend><div class=\"wpforms-field-row wpforms-field-medium\"><div class=\"wpforms-field-row-block wpforms-first wpforms-one-half\"><input type=\"text\" id=\"wpforms-596-field_1\" class=\"wpforms-field-name-first wpforms-field-required\" name=\"wpforms[fields][1][first]\" aria-errormessage=\"wpforms-596-field_1-error\" required><label for=\"wpforms-596-field_1\" class=\"wpforms-field-sublabel after\">Vorname<\/label><\/div><div class=\"wpforms-field-row-block wpforms-one-half\"><input type=\"text\" id=\"wpforms-596-field_1-last\" class=\"wpforms-field-name-last wpforms-field-required\" name=\"wpforms[fields][1][last]\" aria-errormessage=\"wpforms-596-field_1-last-error\" required><label for=\"wpforms-596-field_1-last\" class=\"wpforms-field-sublabel after\">Nachname<\/label><\/div><\/div><\/fieldset><\/div><div id=\"wpforms-596-field_2-container\" class=\"wpforms-field wpforms-field-email\" data-field-id=\"2\"><label class=\"wpforms-field-label\" for=\"wpforms-596-field_2\">E-Mail-Adresse <span class=\"wpforms-required-label\" aria-hidden=\"true\">*<\/span><\/label><input type=\"email\" id=\"wpforms-596-field_2\" class=\"wpforms-field-medium wpforms-field-required\" name=\"wpforms[fields][2]\" spellcheck=\"false\" aria-errormessage=\"wpforms-596-field_2-error\" required><\/div><script>\n\t\t\t\t( function() {\n\t\t\t\t\tconst style = document.createElement( 'style' );\n\t\t\t\t\tstyle.appendChild( document.createTextNode( '#wpforms-596-field_3-container { position: absolute !important; overflow: hidden !important; display: inline !important; height: 1px !important; width: 1px !important; z-index: -1000 !important; padding: 0 !important; } #wpforms-596-field_3-container input { visibility: hidden; } #wpforms-conversational-form-page #wpforms-596-field_3-container label { counter-increment: none; }' ) );\n\t\t\t\t\tdocument.head.appendChild( style );\n\t\t\t\t\tdocument.currentScript?.remove();\n\t\t\t\t} )();\n\t\t\t<\/script><\/div><!-- .wpforms-field-container --><div class=\"wpforms-recaptcha-container wpforms-is-recaptcha wpforms-is-recaptcha-type-v3\" ><input type=\"hidden\" name=\"wpforms[recaptcha]\" value=\"\"><\/div><div class=\"wpforms-submit-container\" ><input type=\"hidden\" name=\"wpforms[id]\" value=\"596\"><input type=\"hidden\" name=\"page_title\" value=\"\"><input type=\"hidden\" name=\"page_url\" value=\"https:\/\/personalabteilung24.de\/index.php?rest_route=\/wp\/v2\/pages\/16\"><input type=\"hidden\" name=\"url_referer\" value=\"\"><button type=\"submit\" name=\"wpforms[submit]\" id=\"wpforms-submit-596\" class=\"wpforms-submit\" data-alt-text=\"Wird gesendet\u00a0\u2026\" data-submit-text=\"Absenden\" aria-live=\"assertive\" value=\"wpforms-submit\">Absenden<\/button><img loading=\"lazy\" decoding=\"async\" src=\"https:\/\/personalabteilung24.de\/wp-content\/plugins\/wpforms-lite\/assets\/images\/submit-spin.svg\" class=\"wpforms-submit-spinner\" style=\"display: none;\" width=\"26\" height=\"26\" alt=\"Wird geladen\"><\/div><\/form><\/div>  <!-- .wpforms-container -->","protected":false},"excerpt":{"rendered":"<p>Ihr direkter Weg zu uns. Sie interessieren sich f\u00fcr unsere Angebote? Sie haben Fragen? Oder Sie m\u00f6chten uns unverbindlich kennenlernen?Dann freuen wir uns \u00fcber eine Nachricht von Ihnen. Personalabteilung24 GmbHClara-Zetkin-Stra\u00dfe 37 | 14547 Beelitzinfo@personalabteilung24.dewww.personalabteilung24.de<\/p>\n","protected":false},"author":1,"featured_media":0,"parent":0,"menu_order":0,"comment_status":"closed","ping_status":"closed","template":"","meta":{"_acf_changed":false,"footnotes":""},"class_list":["post-16","page","type-page","status-publish","hentry"],"acf":[],"_links":{"self":[{"href":"https:\/\/personalabteilung24.de\/index.php?rest_route=\/wp\/v2\/pages\/16","targetHints":{"allow":["GET"]}}],"collection":[{"href":"https:\/\/personalabteilung24.de\/index.php?rest_route=\/wp\/v2\/pages"}],"about":[{"href":"https:\/\/personalabteilung24.de\/index.php?rest_route=\/wp\/v2\/types\/page"}],"author":[{"embeddable":true,"href":"https:\/\/personalabteilung24.de\/index.php?rest_route=\/wp\/v2\/users\/1"}],"replies":[{"embeddable":true,"href":"https:\/\/personalabteilung24.de\/index.php?rest_route=%2Fwp%2Fv2%2Fcomments&post=16"}],"version-history":[{"count":13,"href":"https:\/\/personalabteilung24.de\/index.php?rest_route=\/wp\/v2\/pages\/16\/revisions"}],"predecessor-version":[{"id":606,"href":"https:\/\/personalabteilung24.de\/index.php?rest_route=\/wp\/v2\/pages\/16\/revisions\/606"}],"wp:attachment":[{"href":"https:\/\/personalabteilung24.de\/index.php?rest_route=%2Fwp%2Fv2%2Fmedia&parent=16"}],"curies":[{"name":"wp","href":"https:\/\/api.w.org\/{rel}","templated":true}]}}