{"id":233,"date":"2025-02-04T11:32:35","date_gmt":"2025-02-04T10:32:35","guid":{"rendered":"https:\/\/dev.personalabteilung24.de\/?page_id=233"},"modified":"2025-04-03T19:06:12","modified_gmt":"2025-04-03T17:06:12","slug":"personal-lohn-2","status":"publish","type":"page","link":"https:\/\/personalabteilung24.de\/?page_id=233","title":{"rendered":"Personal Beratung"},"content":{"rendered":"\n<h2 class=\"wp-block-heading\">PERSONAL <strong>BERATUNG<\/strong><\/h2>\n\n\n\n<h2 class=\"wp-block-heading\">Gut beraten in die Zukunft.<\/h2>\n\n\n\n<p>Der Arbeitsmarkt hat sich l\u00e4ngst von einem Arbeitgeber- zu einem Arbeitnehmermarkt gewandelt. Und die Personalkosten sind in den meisten Unternehmen der gr\u00f6\u00dfte Kostenblock. Gutes Personal ist also begehrt und wertvoll &#8211; aber auch unverzichtbar. Ein Grund mehr, dem Thema &#8222;Personalmanagement&#8220; die geb\u00fchrende Aufmerksamkeit zu schenken und alle M\u00f6glichkeiten auszusch\u00f6pfen, um mit der Investition in die Mitarbeiterinnen und Mitarbeiter das beste Ergebnis zu erzielen.<\/p>\n\n\n\n<p>Wir entwickeln mit Ihnen Strategien und Ma\u00dfnahmen, um die F\u00fchrungskr\u00e4fte von morgen zu entwickeln und so der \u00dcberalterung in Ihrem Unternehmen entgegenzuwirken. Wir konzipieren passgenaue interner Aus- und Weiterbildung, mit denen Sie f\u00fcr Ihre Mitarbeitenden Karriere- und Aufstiegsm\u00f6glichkeiten schaffen, die qualifizierte Fachkr\u00e4fte \u00fcberzeugen und langfristig an Ihr Unternehmen binden.<\/p>\n\n\n\n<p>Bei der Frage nach der zuk\u00fcnftigen Wettbewerbsf\u00e4higkeit Ihres Unternehmens \u00fcbernehmen motivierte und qualifizierte Mitarbeitende eine Schl\u00fcsselfunktion. Die Basis der Mitarbeiterzufriedenheit ist eine umsichtig und fehlerfrei arbeitende Personaladministration. Genau an diesem Punkt unterst\u00fctzt Sie das Team der PERSONALABTEILUNG24 mit seiner Expertise.  <\/p>\n\n\n\n<p><\/p>\n\n\n<div class=\"content-bggrey py-20\">\n\t<div class=\"md:flex hidden\">\n\t\t<div class=\"grow\">\n\t\t<\/div>\n\t\t<div>\n\t\t\t<img decoding=\"async\" class=\"w-full -mb-1 block\" src=\"https:\/\/personalabteilung24.de\/wp-content\/themes\/_tw\/img\/Vector.png\">\n\t\t<\/div>\n\t\t<div class=\"grow\">\n\t\t<\/div>\n\t<\/div>\n\t<div class=\"w-full md:hidden -mb-80\">\n\t\t<img decoding=\"async\" class=\"w-[100%] -mb-1 block\" src=\"https:\/\/personalabteilung24.de\/wp-content\/themes\/_tw\/img\/Vector-mobile.png\">\n\t<\/div>\n\t<div class=\"flex\">\n\t\t<div class=\"grow\">\n\t\t<\/div>\n\t\t<div class=\"w-full max-w-screen-lg max-w-[1440px] md:-mt-20 relative bg-footerbg px-25 md:px-0 md:pt-0 pt-20 pb-25\">\n\t\t\t<div class=\"max-w-[600px] grid m-auto\">\n\t\t\t\t<p><strong>Unser Leistungspaket PersonalBERATUNG<\/strong><\/p>\n<ul>\n<li>Fachkr\u00e4ftemangel aktiv begegnen<\/li>\n<li>Karriereberatung\/ F\u00fchrungskr\u00e4fteentwicklung<\/li>\n<li>Strategische Kostenplanung<\/li>\n<li>Betriebsratsverhandlungen<\/li>\n<li>Demographie-Beratung<\/li>\n<li>Arbeit &amp; Gesundheit<\/li>\n<li>Lebenslanges Lernen<\/li>\n<\/ul>\n<p>&nbsp;<\/p>\n\t\t\t<\/div>\n\t\t<\/div>\n\t\t<div class=\"grow\">\n\t\t<\/div>\n\t<\/div>\n<\/div>\n\n\n\n\n<h2 class=\"wp-block-heading\">Individuelles Beratungskonzept &#8211; ma\u00dfgeschneiderte Kalkulation.<\/h2>\n\n\n\n<p>Ihre PERSONALABTEILUNG24 vermittelt Ihnen den passenden Berater f\u00fcr eine Personalberatung mit Zukunft.<br>Die Kosten sind abh\u00e4ngig von dem Beratungsumfang und den Inhalten.<br>Nach der Kl\u00e4rung des Leistungsumfangs erstellt der Berater ein individuelles Angebot.<\/p>\n\n\n\n<p><\/p>\n","protected":false},"excerpt":{"rendered":"<p>PERSONAL BERATUNG Gut beraten in die Zukunft. Der Arbeitsmarkt hat sich l\u00e4ngst von einem Arbeitgeber- zu einem Arbeitnehmermarkt gewandelt. Und die Personalkosten sind in den meisten Unternehmen der gr\u00f6\u00dfte Kostenblock. Gutes Personal ist also begehrt und wertvoll &#8211; aber auch unverzichtbar. Ein Grund mehr, dem Thema &#8222;Personalmanagement&#8220; die geb\u00fchrende Aufmerksamkeit zu schenken und alle M\u00f6glichkeiten<a href=\"https:\/\/personalabteilung24.de\/?page_id=233\">Continue reading <span class=\"sr-only\">&#8222;Personal Beratung&#8220;<\/span><\/a><\/p>\n","protected":false},"author":1,"featured_media":0,"parent":14,"menu_order":0,"comment_status":"closed","ping_status":"closed","template":"","meta":{"_acf_changed":false,"footnotes":""},"class_list":["post-233","page","type-page","status-publish","hentry"],"acf":[],"_links":{"self":[{"href":"https:\/\/personalabteilung24.de\/index.php?rest_route=\/wp\/v2\/pages\/233","targetHints":{"allow":["GET"]}}],"collection":[{"href":"https:\/\/personalabteilung24.de\/index.php?rest_route=\/wp\/v2\/pages"}],"about":[{"href":"https:\/\/personalabteilung24.de\/index.php?rest_route=\/wp\/v2\/types\/page"}],"author":[{"embeddable":true,"href":"https:\/\/personalabteilung24.de\/index.php?rest_route=\/wp\/v2\/users\/1"}],"replies":[{"embeddable":true,"href":"https:\/\/personalabteilung24.de\/index.php?rest_route=%2Fwp%2Fv2%2Fcomments&post=233"}],"version-history":[{"count":22,"href":"https:\/\/personalabteilung24.de\/index.php?rest_route=\/wp\/v2\/pages\/233\/revisions"}],"predecessor-version":[{"id":552,"href":"https:\/\/personalabteilung24.de\/index.php?rest_route=\/wp\/v2\/pages\/233\/revisions\/552"}],"up":[{"embeddable":true,"href":"https:\/\/personalabteilung24.de\/index.php?rest_route=\/wp\/v2\/pages\/14"}],"wp:attachment":[{"href":"https:\/\/personalabteilung24.de\/index.php?rest_route=%2Fwp%2Fv2%2Fmedia&parent=233"}],"curies":[{"name":"wp","href":"https:\/\/api.w.org\/{rel}","templated":true}]}}