{"id":420,"date":"2025-03-12T08:28:42","date_gmt":"2025-03-12T07:28:42","guid":{"rendered":"https:\/\/dev.personalabteilung24.de\/?page_id=420"},"modified":"2025-04-04T16:00:54","modified_gmt":"2025-04-04T14:00:54","slug":"kontakt-2-2","status":"publish","type":"page","link":"https:\/\/personalabteilung24.de\/?page_id=420","title":{"rendered":"Impressum"},"content":{"rendered":"\n<h2 class=\"wp-block-heading\">Impressum<\/h2>\n\n\n\n<p>Personalabteilung24 GmbH<br>Clara-Zetkin-Stra\u00dfe 37 | 14547 Beelitz<br>info@personalabteilung24.de<br>www.personalabteilung24.de<br><br>Gesch\u00e4ftsf\u00fchrer: J\u00f6rg K\u00fcnkel<br><br>Handelsregister: HRB 26810 P<br><br>Registergericht: Potsdam<\/p>\n\n\n\n<p><\/p>\n","protected":false},"excerpt":{"rendered":"<p>Impressum Personalabteilung24 GmbHClara-Zetkin-Stra\u00dfe 37 | 14547 Beelitzinfo@personalabteilung24.dewww.personalabteilung24.de Gesch\u00e4ftsf\u00fchrer: J\u00f6rg K\u00fcnkel Handelsregister: HRB 26810 P Registergericht: Potsdam<\/p>\n","protected":false},"author":1,"featured_media":0,"parent":0,"menu_order":0,"comment_status":"closed","ping_status":"closed","template":"","meta":{"_acf_changed":false,"footnotes":""},"class_list":["post-420","page","type-page","status-publish","hentry"],"acf":[],"_links":{"self":[{"href":"https:\/\/personalabteilung24.de\/index.php?rest_route=\/wp\/v2\/pages\/420","targetHints":{"allow":["GET"]}}],"collection":[{"href":"https:\/\/personalabteilung24.de\/index.php?rest_route=\/wp\/v2\/pages"}],"about":[{"href":"https:\/\/personalabteilung24.de\/index.php?rest_route=\/wp\/v2\/types\/page"}],"author":[{"embeddable":true,"href":"https:\/\/personalabteilung24.de\/index.php?rest_route=\/wp\/v2\/users\/1"}],"replies":[{"embeddable":true,"href":"https:\/\/personalabteilung24.de\/index.php?rest_route=%2Fwp%2Fv2%2Fcomments&post=420"}],"version-history":[{"count":5,"href":"https:\/\/personalabteilung24.de\/index.php?rest_route=\/wp\/v2\/pages\/420\/revisions"}],"predecessor-version":[{"id":585,"href":"https:\/\/personalabteilung24.de\/index.php?rest_route=\/wp\/v2\/pages\/420\/revisions\/585"}],"wp:attachment":[{"href":"https:\/\/personalabteilung24.de\/index.php?rest_route=%2Fwp%2Fv2%2Fmedia&parent=420"}],"curies":[{"name":"wp","href":"https:\/\/api.w.org\/{rel}","templated":true}]}}