{"id":58,"date":"2025-01-26T13:11:33","date_gmt":"2025-01-26T12:11:33","guid":{"rendered":"https:\/\/dev.personalabteilung24.de\/?page_id=58"},"modified":"2025-06-03T23:09:39","modified_gmt":"2025-06-03T21:09:39","slug":"personal-lohn","status":"publish","type":"page","link":"https:\/\/personalabteilung24.de\/?page_id=58","title":{"rendered":"Personal Lohn"},"content":{"rendered":"\n<h2 class=\"wp-block-heading\">PERSONAL <strong>LOHN<\/strong><\/h2>\n\n\n\n<h2 class=\"wp-block-heading\">Wir rechnen f\u00fcr Sie ab!<br>P\u00fcnktlich!<\/h2>\n\n\n\n<p>Sie m\u00f6chten Ihre Lohn- und Gehaltsabrechnung in kompetenten und zuverl\u00e4ssigen H\u00e4nden wissen. Im Rahmen des Leistungspakets PersonalLOHN \u00fcbernimmt die PERSONALABTEILUNG24 fachkundig die korrekte und p\u00fcnktliche Abrechnung f\u00fcr Ihr Unternehmen &#8211; komplett zum Festpreis.<\/p>\n\n\n\n<p>Wir bringen unser Expertenwissen ein bei der Einhaltung der Regelungen und Vorgaben im Zusammenhang mit Arbeitsvertr\u00e4gen, gesetzlichen Anforderungen und dem Datenschutz, pflegen f\u00fcr Sie enge Kontakte zu allen relevanten \u00c4mtern und Beh\u00f6rden, \u00fcbermitteln Lohnsteueranmeldungen an die zust\u00e4ndigen Finanz\u00e4mter und sorgen f\u00fcr korrekte Beitragsnachweise an die Krankenkassen. <\/p>\n\n\n\n<p>\u00dcbrigens: Unternehmen, in denen das Personalmanagement reibungslos und effizient funktioniert, profitieren von zufriedeneren Mitarbeitenden.<br>Profitieren Sie von unserer Expertise!<br><\/p>\n\n\n\n<p><br><\/p>\n\n\n<div class=\"content-bggrey py-20\">\n\t<div class=\"md:flex hidden\">\n\t\t<div class=\"grow\">\n\t\t<\/div>\n\t\t<div>\n\t\t\t<img decoding=\"async\" class=\"w-full -mb-1 block\" src=\"https:\/\/personalabteilung24.de\/wp-content\/themes\/_tw\/img\/Vector.png\">\n\t\t<\/div>\n\t\t<div class=\"grow\">\n\t\t<\/div>\n\t<\/div>\n\t<div class=\"w-full md:hidden -mb-80\">\n\t\t<img decoding=\"async\" class=\"w-[100%] -mb-1 block\" src=\"https:\/\/personalabteilung24.de\/wp-content\/themes\/_tw\/img\/Vector-mobile.png\">\n\t<\/div>\n\t<div class=\"flex\">\n\t\t<div class=\"grow\">\n\t\t<\/div>\n\t\t<div class=\"w-full max-w-screen-lg max-w-[1440px] md:-mt-20 relative bg-footerbg px-25 md:px-0 md:pt-0 pt-20 pb-25\">\n\t\t\t<div class=\"max-w-[600px] grid m-auto\">\n\t\t\t\t<p><strong>Unser Leistungspaket PersonalLOHN:<\/strong><\/p>\n<ul class=\"wp-block-list\">\n<li style=\"list-style-type: none;\">\n<ul class=\"wp-block-list\">\n<li>Durchf\u00fchrung der laufenden Lohn- und Gehaltsabrechnungen (inkl. der Fertigstellung der Lohnsteueranmeldung und Beitragsnachweise)<\/li>\n<li>Einrichtung der Mitarbeiterstammdaten und Anmeldungen<!-- \/wp:list-item --><\/li>\n<\/ul>\n<\/li>\n<\/ul>\n<p>&nbsp;<\/p>\n\t\t\t<\/div>\n\t\t<\/div>\n\t\t<div class=\"grow\">\n\t\t<\/div>\n\t<\/div>\n<\/div>\n\n\n\n\n<h2 class=\"wp-block-heading\">Damit k\u00f6nnen Sie rechnen!<\/h2>\n\n\n\n<p>Mit PersonalLOHN haben Sie eine p\u00fcnktliche und korrekte Lohnabrechnung,<br>planbare Kosten und keine b\u00f6sen \u00dcberraschungen!<\/p>\n\n\n\n<p>Wir berechnen f\u00fcr die Lohnabrechnung ab&nbsp;15,00 \u20ac&nbsp;pro Mitarbeiter und Besch\u00e4ftigungsmonat, f\u00fcr Baulohnabrechnungen&nbsp;ab 17,00&nbsp;\u20ac (jeweils zzgl. MwSt.).<\/p>\n\n\n\n<p><\/p>\n","protected":false},"excerpt":{"rendered":"<p>PERSONAL LOHN Wir rechnen f\u00fcr Sie ab!P\u00fcnktlich! Sie m\u00f6chten Ihre Lohn- und Gehaltsabrechnung in kompetenten und zuverl\u00e4ssigen H\u00e4nden wissen. Im Rahmen des Leistungspakets PersonalLOHN \u00fcbernimmt die PERSONALABTEILUNG24 fachkundig die korrekte und p\u00fcnktliche Abrechnung f\u00fcr Ihr Unternehmen &#8211; komplett zum Festpreis. Wir bringen unser Expertenwissen ein bei der Einhaltung der Regelungen und Vorgaben im Zusammenhang mit<a href=\"https:\/\/personalabteilung24.de\/?page_id=58\">Continue reading <span class=\"sr-only\">&#8222;Personal Lohn&#8220;<\/span><\/a><\/p>\n","protected":false},"author":1,"featured_media":0,"parent":14,"menu_order":0,"comment_status":"closed","ping_status":"closed","template":"","meta":{"_acf_changed":false,"footnotes":""},"class_list":["post-58","page","type-page","status-publish","hentry"],"acf":[],"_links":{"self":[{"href":"https:\/\/personalabteilung24.de\/index.php?rest_route=\/wp\/v2\/pages\/58","targetHints":{"allow":["GET"]}}],"collection":[{"href":"https:\/\/personalabteilung24.de\/index.php?rest_route=\/wp\/v2\/pages"}],"about":[{"href":"https:\/\/personalabteilung24.de\/index.php?rest_route=\/wp\/v2\/types\/page"}],"author":[{"embeddable":true,"href":"https:\/\/personalabteilung24.de\/index.php?rest_route=\/wp\/v2\/users\/1"}],"replies":[{"embeddable":true,"href":"https:\/\/personalabteilung24.de\/index.php?rest_route=%2Fwp%2Fv2%2Fcomments&post=58"}],"version-history":[{"count":43,"href":"https:\/\/personalabteilung24.de\/index.php?rest_route=\/wp\/v2\/pages\/58\/revisions"}],"predecessor-version":[{"id":635,"href":"https:\/\/personalabteilung24.de\/index.php?rest_route=\/wp\/v2\/pages\/58\/revisions\/635"}],"up":[{"embeddable":true,"href":"https:\/\/personalabteilung24.de\/index.php?rest_route=\/wp\/v2\/pages\/14"}],"wp:attachment":[{"href":"https:\/\/personalabteilung24.de\/index.php?rest_route=%2Fwp%2Fv2%2Fmedia&parent=58"}],"curies":[{"name":"wp","href":"https:\/\/api.w.org\/{rel}","templated":true}]}}