{"id":61,"date":"2025-01-26T14:14:20","date_gmt":"2025-01-26T13:14:20","guid":{"rendered":"https:\/\/dev.personalabteilung24.de\/?page_id=61"},"modified":"2025-05-28T10:41:19","modified_gmt":"2025-05-28T08:41:19","slug":"personal-pauschal","status":"publish","type":"page","link":"https:\/\/personalabteilung24.de\/?page_id=61","title":{"rendered":"Personal Pauschal"},"content":{"rendered":"\n<h2 class=\"wp-block-heading\">PERSONAL <strong>PAUSCHAL<\/strong><\/h2>\n\n\n\n<h2 class=\"wp-block-heading\">Das Personal-Komplettpaket. Zufriedene Mitarbeitende inklusive.<\/h2>\n\n\n\n<p>Personalverwaltung \u2013 das klingt nach Aktenbergen und B\u00fcrokratie: gesetzliche und tarifvertragliche Regelungen, Datenschutzbestimmungen, Betriebsvereinbarungen und Arbeitsvertr\u00e4ge sind genau zu beachten. Mit unserem PersonalPAUSCHAL-Service nehmen wir Ihnen die Arbeit ab und bieten eine transparente, aktuelle, fehlerfreie und effiziente Personalverwaltung.<br><br> <br>Mit unserem Rund-um-Servicepaket &#8222;PersonalPAUSCHAL&#8220; k\u00f6nnen sich auch kleinere und mittelst\u00e4ndische Unternehmen eine eigene professionelle und effiziente Personalabteilung leisten. Die PERSONALABTEILUNG24 \u00fcbernimmt die vollst\u00e4ndige Personalverwaltung und \u2013betreuung Ihrer Mitarbeitenden. Mit allen Leistungen, die Ihrem Unternehmen Kosten und Ressourcen sparen &#8211; und aus guten Mitarbeitenden zufriedene Mitarbeitende machen!<\/p>\n\n\n\n<p><\/p>\n\n\n<div class=\"content-bggrey py-20\">\n\t<div class=\"md:flex hidden\">\n\t\t<div class=\"grow\">\n\t\t<\/div>\n\t\t<div>\n\t\t\t<img decoding=\"async\" class=\"w-full -mb-1 block\" src=\"https:\/\/personalabteilung24.de\/wp-content\/themes\/_tw\/img\/Vector.png\">\n\t\t<\/div>\n\t\t<div class=\"grow\">\n\t\t<\/div>\n\t<\/div>\n\t<div class=\"w-full md:hidden -mb-80\">\n\t\t<img decoding=\"async\" class=\"w-[100%] -mb-1 block\" src=\"https:\/\/personalabteilung24.de\/wp-content\/themes\/_tw\/img\/Vector-mobile.png\">\n\t<\/div>\n\t<div class=\"flex\">\n\t\t<div class=\"grow\">\n\t\t<\/div>\n\t\t<div class=\"w-full max-w-screen-lg max-w-[1440px] md:-mt-20 relative bg-footerbg px-25 md:px-0 md:pt-0 pt-20 pb-25\">\n\t\t\t<div class=\"max-w-[600px] grid m-auto\">\n\t\t\t\t<p><strong>Beispiele aus unserem Leistungspaket PersonalPAUSCHAL:<\/strong><\/p>\n<ul>\n<li>Personalaktenf\u00fchrung<\/li>\n<li>Vollst\u00e4ndige Lohn- und Gehaltsabrechnung<\/li>\n<li>Servicemail f\u00fcr Mitarbeiter<\/li>\n<li>Administrative Personalarbeiten, z.B. Erstellung von Arbeitsvertr\u00e4gen<\/li>\n<li>Bescheinigungen<\/li>\n<li>Abmahnungen<\/li>\n<li>K\u00fcndigungen<\/li>\n<li>Zeugnissen<\/li>\n<li>Beratung des Unternehmers in allen allgemeinen personalwirtschaftlichen Belangen, wie z.B.<\/li>\n<li>Unterst\u00fctzung bei Kritikgespr\u00e4chen<\/li>\n<li>Zielvereinbarungen und Fehlzeitengespr\u00e4chen<\/li>\n<\/ul>\n<p>&nbsp;<\/p>\n\t\t\t<\/div>\n\t\t<\/div>\n\t\t<div class=\"grow\">\n\t\t<\/div>\n\t<\/div>\n<\/div>\n\n\n\n\n<h2 class=\"wp-block-heading\">Komplettservice zum Festpreis.<\/h2>\n\n\n\n<p>Mit PersonalPAUSCHAL erhalten Sie einen Kunden-Login, mit dem Sie zu jeder Zeit Auftr\u00e4ge an Ihre PERSONALABTEILUNG24 senden oder Informationen anfordern k\u00f6nnen. Wir berechnen je nach Leistungsumfang einen Festpreis ab 45 \u20ac (zzgl. MwSt.) pro Mitarbeitenden monatlich.<\/p>\n\n\n\n<p><\/p>\n","protected":false},"excerpt":{"rendered":"<p>PERSONAL PAUSCHAL Das Personal-Komplettpaket. Zufriedene Mitarbeitende inklusive. Personalverwaltung \u2013 das klingt nach Aktenbergen und B\u00fcrokratie: gesetzliche und tarifvertragliche Regelungen, Datenschutzbestimmungen, Betriebsvereinbarungen und Arbeitsvertr\u00e4ge sind genau zu beachten. Mit unserem PersonalPAUSCHAL-Service nehmen wir Ihnen die Arbeit ab und bieten eine transparente, aktuelle, fehlerfreie und effiziente Personalverwaltung. Mit unserem Rund-um-Servicepaket &#8222;PersonalPAUSCHAL&#8220; k\u00f6nnen sich auch kleinere und mittelst\u00e4ndische<a href=\"https:\/\/personalabteilung24.de\/?page_id=61\">Continue reading <span class=\"sr-only\">&#8222;Personal Pauschal&#8220;<\/span><\/a><\/p>\n","protected":false},"author":1,"featured_media":0,"parent":14,"menu_order":0,"comment_status":"closed","ping_status":"closed","template":"","meta":{"_acf_changed":false,"footnotes":""},"class_list":["post-61","page","type-page","status-publish","hentry"],"acf":[],"_links":{"self":[{"href":"https:\/\/personalabteilung24.de\/index.php?rest_route=\/wp\/v2\/pages\/61","targetHints":{"allow":["GET"]}}],"collection":[{"href":"https:\/\/personalabteilung24.de\/index.php?rest_route=\/wp\/v2\/pages"}],"about":[{"href":"https:\/\/personalabteilung24.de\/index.php?rest_route=\/wp\/v2\/types\/page"}],"author":[{"embeddable":true,"href":"https:\/\/personalabteilung24.de\/index.php?rest_route=\/wp\/v2\/users\/1"}],"replies":[{"embeddable":true,"href":"https:\/\/personalabteilung24.de\/index.php?rest_route=%2Fwp%2Fv2%2Fcomments&post=61"}],"version-history":[{"count":59,"href":"https:\/\/personalabteilung24.de\/index.php?rest_route=\/wp\/v2\/pages\/61\/revisions"}],"predecessor-version":[{"id":631,"href":"https:\/\/personalabteilung24.de\/index.php?rest_route=\/wp\/v2\/pages\/61\/revisions\/631"}],"up":[{"embeddable":true,"href":"https:\/\/personalabteilung24.de\/index.php?rest_route=\/wp\/v2\/pages\/14"}],"wp:attachment":[{"href":"https:\/\/personalabteilung24.de\/index.php?rest_route=%2Fwp%2Fv2%2Fmedia&parent=61"}],"curies":[{"name":"wp","href":"https:\/\/api.w.org\/{rel}","templated":true}]}}