{"id":8,"date":"2025-01-19T12:37:04","date_gmt":"2025-01-19T11:37:04","guid":{"rendered":"https:\/\/dev.personalabteilung24.de\/?page_id=8"},"modified":"2025-04-11T09:14:56","modified_gmt":"2025-04-11T07:14:56","slug":"startseite","status":"publish","type":"page","link":"https:\/\/personalabteilung24.de\/","title":{"rendered":"Startseite"},"content":{"rendered":"\n<p class=\"text-content-full\">Mitarbeitende sind das wichtigste Kapital eines Unternehmens. Entsprechend bedeutsam ist ein professionelles Personalmanagement. Das f\u00e4ngt bei der korrekten und verl\u00e4sslichen Lohn- und Gehaltsabrechnung an \u2013 und reicht \u00fcber alle administrativen Personalarbeiten bis hin zur strategischen Personalentwicklung.<br><br>Doch das Personalmanagement erfordert viel Fachwissen und viel Zeit. Und nicht jedes Unternehmen kann oder will sich eine eigene Personalabteilung leisten, die das gesamte Personalmanagement stemmt.<br><br>Hier kommt das Team der PERSONALABTEILUNG24 ins Spiel. Kleine und mittelst\u00e4ndische Unternehmen nutzen unsere Fachkompetenz im Personalwesen f\u00fcr eine professionelle Personalarbeit, wie sie auch in Gro\u00dfunternehmen Standard ist.<br><br>Die PERSONALABTEILUNG24 reduziert Ihren Aufwand und wandelt das Notwendige in eine effektive und \u00fcberschaubare, da planbare Kostenposition um. Dadurch gewinnen Sie wertvolle Zeit und Ressourcen und haben Kopf und H\u00e4nde frei, um Ihren unternehmerischen Erfolg zu gestalten!<br><br>Profitieren Sie von unseren ma\u00dfgeschneiderten Servicepaketen!<br><\/p>\n\n\n\n<figure class=\"wp-block-image size-full image-content-full__desktop\"><img loading=\"lazy\" decoding=\"async\" width=\"1440\" height=\"445\" src=\"https:\/\/dev.personalabteilung24.de\/wp-content\/uploads\/Personalabteilung24_Leistungspakete_web.jpg\" alt=\"\" class=\"wp-image-74\" style=\"object-fit:cover\" srcset=\"https:\/\/personalabteilung24.de\/wp-content\/uploads\/Personalabteilung24_Leistungspakete_web.jpg 1440w, https:\/\/personalabteilung24.de\/wp-content\/uploads\/Personalabteilung24_Leistungspakete_web-900x278.jpg 900w, https:\/\/personalabteilung24.de\/wp-content\/uploads\/Personalabteilung24_Leistungspakete_web-768x237.jpg 768w\" sizes=\"auto, (max-width: 1440px) 100vw, 1440px\" \/><\/figure>\n\n\n\n<figure class=\"wp-block-image size-full image-content-full__mobile\"><img loading=\"lazy\" decoding=\"async\" width=\"900\" height=\"445\" src=\"https:\/\/dev.personalabteilung24.de\/wp-content\/uploads\/Personalabteilung24_Leistungspakete_mobil.jpg\" alt=\"\" class=\"wp-image-103\" srcset=\"https:\/\/personalabteilung24.de\/wp-content\/uploads\/Personalabteilung24_Leistungspakete_mobil.jpg 900w, https:\/\/personalabteilung24.de\/wp-content\/uploads\/Personalabteilung24_Leistungspakete_mobil-768x380.jpg 768w\" sizes=\"auto, (max-width: 900px) 100vw, 900px\" \/><\/figure>\n\n\n\n<h2 class=\"wp-block-heading\" id=\"Leistungspakete\">Ihr HR-Support von M bis XL.<\/h2>\n\n\n\n<p>Mit der Lohn- und Gehaltsbuchhaltung, einem Komplett-Service f\u00fcr Personalfragen und -L\u00f6sungen und einem umfassenden Beratungsservice rund um das Thema &#8222;Personal&#8220; nimmt die PERSONALABTEILUNG24 Ihnen nicht nur den Papierkram ab, sondern \u00fcbernimmt die sichere, verl\u00e4ssliche und kostensparende Betreuung Ihrer gesamten Personalarbeit.<\/p>\n\n\n<div class=\"flex\">\n\t<div class=\"grow\">\n\t<\/div>\n\t<div class=\"w-full flex max-w-screen-lg max-w-[1440px] relative my-30 justify-center \">\n\t\t<div class=\"max-w-[320px] md:max-w-[660px] block md:flex md:items-start grid w-full relative m-auto pb-22 pt-22 px-25 md:px-0 \">\n\t\t\t<div class=\"w-full z-10 ml-20 md:ml-0 md:mr-0 max-w-[280px]\">\n\t\t\t\t<div class=\"w-full h-40 mb-0 pb-0\" style=\"opacity: 0.4; background-image: url('https:\/\/personalabteilung24.de\/wp-content\/themes\/_tw\/img\/reiter_oben_2a3347.png'); background-repeat:no-repeat; background-size: contain; background-position: right\"><\/div>\n\t\t\t\t<div class=\"text-white w-full pl-40 pr-35 pt-5 pb-30 rounded-l-[20px] rounded-b-[20px] min-h-[200px]\" style=\" background-color: rgba(42, 51, 71, 0.4)\">\n\t\t\t\t\t<span class=\"leistung-headline text-white border-b-[1px] block border-white\">\n\t\t\t\t\t\t<h3>Personal<br \/>\n<strong>LOHN<\/strong><\/h3>\n\t\t\t\t\t<\/span>\n\t\t\t\t\t<span class=\"leistung-text text-greyDarkxxx list-disc text-base ml-12 mb-15\">\n\t\t\t\t\t<ul>\n<li>zuverl\u00e4ssige, p\u00fcnktliche Lohnabrechnung<\/li>\n<li>komplette Leistung zum Festpreis<\/li>\n<\/ul>\n\t\t\t\t\t<\/span>\n\t\t\t\t\t<a class=\"text-white text-base inline font-semibold\" href=\"https:\/\/personalabteilung24.de\/?page_id=58\" title=\"personal lohn mehr erfahren\"><img decoding=\"async\" class=\"inline mr-5\" src=\"\/wp-content\/themes\/_tw\/theme\/img\/Pfeilspitze.png\">mehr erfahren<\/a>\n\t\t\t\t<\/div>\n\t\t\t<\/div>\n\t\t\t<div class=\"md:-ml-20 w-full max-w-[280px] -mt-20 md:-mt-0 -ml-20\">\n\t\t\t\t<div class=\"w-full h-40 mb-0 pb-0\" style=\"background-image: url('https:\/\/personalabteilung24.de\/wp-content\/themes\/_tw\/img\/reiter_oben_cfd421.png'); background-repeat:no-repeat; background-size: contain; background-position: right\"><\/div>\n\t\t\t\t<div class=\"w-full pl-40 pr-35 pt-5 pb-30 rounded-l-[20px] rounded-b-[20px]\" style=\"background-color: #CFD421;\">\n\t\t\t\t\t<span class=\"leistung-headline text-greyDarkx border-b-[1px] block border-greyDarkx\">\n\t\t\t\t\t\t<h3>Personal<br \/>\n<strong>PAUSCHAL<\/strong><\/h3>\n\t\t\t\t\t<\/span>\n\t\t\t\t\t<span class=\"leistung-text text-greyDarkx list-disc text-base ml-12 mb-15\">\n\t\t\t\t\t<ul>\n<li>zuverl\u00e4ssige, p\u00fcnktliche Lohnabrechnung<\/li>\n<li>Personalaktenf\u00fchrung, Zeugnisse, Vertr\u00e4ge\u2026<\/li>\n<li>Beratung rund um die t\u00e4gliche Personalarbeit<\/li>\n<\/ul>\n\t\t\t\t\t<\/span>\n\t\t\t\t\t<a class=\"text-white text-base inline font-semibold\" href=\"https:\/\/personalabteilung24.de\/?page_id=61\" title=\"personal lohn mehr erfahren\"><img decoding=\"async\" class=\"inline mr-5\" src=\"\/wp-content\/themes\/_tw\/theme\/img\/Pfeilspitze_grau.png\">mehr erfahren<\/a>\n\t\t\t\t<\/div>\n\t\t\t<\/div>\n\t\t\t<div class=\"block md:-ml-20 w-full max-w-[280px] ml-20 md:mr-0 md:-mt-0 -mt-20\">\n\t\t\t\t<div class=\"w-full h-40 mb-0 pb-0\" style=\"opacity: 0.58; background-image: url('https:\/\/personalabteilung24.de\/wp-content\/themes\/_tw\/img\/reiter_oben_081227.png'); background-repeat:no-repeat; background-size: contain; background-position: right\"><\/div>\n\t\t\t\t<div class=\"w-full pl-40 pr-35 pt-5 pb-30 rounded-l-[20px] rounded-b-[20px]\" style=\"background-color: rgba(8, 18, 39, 0.58)\">\n\t\t\t\t\t<span class=\"leistung-headline text-white border-b-[1px] block border-white\">\n\t\t\t\t\t\t<h3>Personal<br \/>\n<strong>BERATUNG<\/strong><\/h3>\n\t\t\t\t\t<\/span>\n\t\t\t\t\t<span class=\"leistung-text text-white list-disc text-base ml-12 mb-15\">\n\t\t\t\t\t<ul>\n<li>Fachkr\u00e4ftemangel aktiv begegnen<\/li>\n<li>Karriereberatung\/ F\u00fchrungskr\u00e4fteentwicklung<\/li>\n<li>Strategische Kostenplanung<\/li>\n<li>Betriebsratsverhandlungen<\/li>\n<\/ul>\n\t\t\t\t\t<\/span>\n\t\t\t\t\t<a class=\"text-white text-base inline font-semibold\" href=\"https:\/\/personalabteilung24.de\/?page_id=233\" title=\"personal lohn mehr erfahren\"><img decoding=\"async\" class=\"inline mr-5\" src=\"\/wp-content\/themes\/_tw\/theme\/img\/Pfeilspitze.png\">mehr erfahren<\/a>\n\t\t\t\t\t<br><br>\n\t\t\t\t<\/div>\n\t\t\t<\/div>\n\t\t<\/div>\n\t<\/div>\n\t<div class=\"grow\">\n\t<\/div>\n<\/div>\n\n\n\n\n\n<div class=\"wp-block-buttons is-layout-flex wp-block-buttons-is-layout-flex\"><\/div>\n\n\n\n<figure class=\"wp-block-image size-full image-content-full__desktop\"><img loading=\"lazy\" decoding=\"async\" width=\"1440\" height=\"453\" src=\"https:\/\/dev.personalabteilung24.de\/wp-content\/uploads\/Personalabteilung24_Team_web.jpg\" alt=\"Personalabteilung24_Team_web\" class=\"wp-image-122\" style=\"object-fit:cover\" srcset=\"https:\/\/personalabteilung24.de\/wp-content\/uploads\/Personalabteilung24_Team_web.jpg 1440w, https:\/\/personalabteilung24.de\/wp-content\/uploads\/Personalabteilung24_Team_web-900x283.jpg 900w, https:\/\/personalabteilung24.de\/wp-content\/uploads\/Personalabteilung24_Team_web-768x242.jpg 768w\" sizes=\"auto, (max-width: 1440px) 100vw, 1440px\" \/><\/figure>\n\n\n\n<figure class=\"wp-block-image size-full image-content-full__mobile\"><img loading=\"lazy\" decoding=\"async\" width=\"900\" height=\"453\" src=\"https:\/\/dev.personalabteilung24.de\/wp-content\/uploads\/Personalabteilung24_Team_mobil.jpg\" alt=\"\" class=\"wp-image-123\" srcset=\"https:\/\/personalabteilung24.de\/wp-content\/uploads\/Personalabteilung24_Team_mobil.jpg 900w, https:\/\/personalabteilung24.de\/wp-content\/uploads\/Personalabteilung24_Team_mobil-768x387.jpg 768w\" sizes=\"auto, (max-width: 900px) 100vw, 900px\" \/><\/figure>\n\n\n\n<h2 class=\"wp-block-heading\">Effiziente L\u00f6sungen &#8211; individuell auf Sie zugeschnitten.<\/h2>\n\n\n\n<p>Unternehmer wollen schnelle und unkomplizierte L\u00f6sungen! Genau die bieten wir Ihnen. Unser Anspruch: effiziente und qualifizierte Personalarbeit, die die Individualit\u00e4t unserer Kunden und ihrer Mitarbeitenden im Blick hat.<\/p>\n\n\n<div class=\"flex\">\n\t<div class=\"grow\">\n\t<\/div>\n\t<div class=\"w-full min-h-[125px] flex max-w-screen-lg max-w-[1440px] relative my-30\">\n\t\t<div class=\"absolute h-[160px] sm:-top-45 smmd:top-20 md:top-50 w-full bg-cover bg-[url(\/wp-content\/themes\/_tw\/theme\/img\/grauer_balken_900px.png)] md:bg-[url(\/wp-content\/themes\/_tw\/theme\/img\/grauer_balken_1440px.png)] bg-no-repeat bg-center \"><\/div>\n\t\t<div class=\"max-w-[600px] flex justify-between md:justify-evenly w-full relative m-auto pb-22 pt-22 px-25 md:px-0 sm:bg-[#CED1D6] smmd:bg-transparent \">\n\t\t\t<div class=\"max-w-[170px] md:mx-30 self-center\">\n\t\t\t\t<img decoding=\"async\" class=\"w-full\" src=\"\/wp-content\/themes\/_tw\/theme\/img\/perso24_karte_kunden.png\">\n\t\t\t<\/div>\n\t\t\t<div class=\"self-center md:ml-60 max-w-[200px] text-base md:text-regular-desktop text-greyDarkxxx\">\n<p>PERSONALABTEILUNG24: Wir arbeiten deutschlandweit und aktuell f\u00fcr Kunden aus diesen Regionen.<\/p>\n<\/div>\n\t\t<\/div>\n\t<\/div>\n\t<div class=\"grow\">\n\t<\/div>\n<\/div>\n\n\n\n\n\n<h2 class=\"wp-block-heading\">Unser Expertennetzwerk &#8211; fair und transparent kalkuliert!<\/h2>\n\n\n\n<p>Professionelles Personalmanagement hat die Einsparung von Kosten zum Ziel, nicht die Verursachung zus\u00e4tzlicher Kosten. Unsere Beratungss\u00e4tze sind auf den Mittelstand zugeschnitten \u2013 fair und transparent.<\/p>\n\n\n\n<p><\/p>\n","protected":false},"excerpt":{"rendered":"<p>Mitarbeitende sind das wichtigste Kapital eines Unternehmens. Entsprechend bedeutsam ist ein professionelles Personalmanagement. Das f\u00e4ngt bei der korrekten und verl\u00e4sslichen Lohn- und Gehaltsabrechnung an \u2013 und reicht \u00fcber alle administrativen Personalarbeiten bis hin zur strategischen Personalentwicklung. Doch das Personalmanagement erfordert viel Fachwissen und viel Zeit. Und nicht jedes Unternehmen kann oder will sich eine eigene<a href=\"https:\/\/personalabteilung24.de\/\">Continue reading <span class=\"sr-only\">&#8222;Startseite&#8220;<\/span><\/a><\/p>\n","protected":false},"author":1,"featured_media":0,"parent":0,"menu_order":0,"comment_status":"closed","ping_status":"closed","template":"","meta":{"_acf_changed":false,"footnotes":""},"class_list":["post-8","page","type-page","status-publish","hentry"],"acf":[],"_links":{"self":[{"href":"https:\/\/personalabteilung24.de\/index.php?rest_route=\/wp\/v2\/pages\/8","targetHints":{"allow":["GET"]}}],"collection":[{"href":"https:\/\/personalabteilung24.de\/index.php?rest_route=\/wp\/v2\/pages"}],"about":[{"href":"https:\/\/personalabteilung24.de\/index.php?rest_route=\/wp\/v2\/types\/page"}],"author":[{"embeddable":true,"href":"https:\/\/personalabteilung24.de\/index.php?rest_route=\/wp\/v2\/users\/1"}],"replies":[{"embeddable":true,"href":"https:\/\/personalabteilung24.de\/index.php?rest_route=%2Fwp%2Fv2%2Fcomments&post=8"}],"version-history":[{"count":106,"href":"https:\/\/personalabteilung24.de\/index.php?rest_route=\/wp\/v2\/pages\/8\/revisions"}],"predecessor-version":[{"id":595,"href":"https:\/\/personalabteilung24.de\/index.php?rest_route=\/wp\/v2\/pages\/8\/revisions\/595"}],"wp:attachment":[{"href":"https:\/\/personalabteilung24.de\/index.php?rest_route=%2Fwp%2Fv2%2Fmedia&parent=8"}],"curies":[{"name":"wp","href":"https:\/\/api.w.org\/{rel}","templated":true}]}}